{"id":1808,"date":"2024-04-25T20:29:18","date_gmt":"2024-04-25T18:29:18","guid":{"rendered":"https:\/\/www.kurik.eu\/?post_type=product&#038;p=1808"},"modified":"2024-04-29T13:08:37","modified_gmt":"2024-04-29T11:08:37","slug":"konik-sveze-zeleny","status":"publish","type":"product","link":"https:\/\/www.kurik.eu\/en\/product\/konik-sveze-zeleny\/","title":{"rendered":"Fresh green horse"},"content":{"rendered":"<p>Vybrali jste si b\u00e1je\u010dn\u00e9ho kon\u00edka!<\/p>\n<p>Sv\u011b\u017e\u00ed zelen\u00e1 barva v\u00e1m okam\u017eit\u011b dod\u00e1 spoustu energie a dobr\u00e9 n\u00e1lady! Zelen\u00fd kon\u00edk v\u00e1m p\u0159inese plnou n\u00e1ru\u010d \u0161t\u011bst\u00ed a hezk\u00fdch n\u00e1hod! Zelen\u00e1 je p\u0159eci jako \u010dty\u0159l\u00edstek!<\/p>\n<p>&nbsp;<\/p>\n<p>&nbsp;<\/p>\n<p>This product is a handmade masterpiece that impresses with its uniqueness and authenticity. Each piece is meticulously crafted with love and care, making it a magnificent addition to your collection.<\/p>\n<p>Ru\u010dn\u011b \u0161it\u00fd kon\u00edk je dokonal\u00fdm spojen\u00edm tradi\u010dn\u00edho \u0159emesla s modern\u00edm stylem. Je elegantn\u00ed a stylov\u00fd, ide\u00e1ln\u00ed pro ka\u017edou p\u0159\u00edle\u017eitost! Ud\u011bl\u00e1 radost jako bytov\u00fd dopln\u011bk, jako mal\u00e1 pozornost, d\u00e1rek nebo talisman pro \u0161t\u011bst\u00ed!<\/p>\n<p>A nav\u00edc m\u016f\u017eete b\u00fdt hrd\u00ed na to, \u017ee n\u00e1m pom\u00e1h\u00e1te pom\u00e1hat!<\/p>","protected":false},"excerpt":{"rendered":"<p>This product is a handmade masterpiece that impresses with its uniqueness and authenticity. Each piece is meticulously crafted with love and care, making it a magnificent addition to your collection.<\/p>","protected":false},"featured_media":1802,"template":"","meta":{"site-sidebar-layout":"default","site-content-layout":"","ast-site-content-layout":"default","site-content-style":"default","site-sidebar-style":"default","ast-global-header-display":"","ast-banner-title-visibility":"","ast-main-header-display":"","ast-hfb-above-header-display":"","ast-hfb-below-header-display":"","ast-hfb-mobile-header-display":"","site-post-title":"","ast-breadcrumbs-content":"","ast-featured-img":"","footer-sml-layout":"","ast-disable-related-posts":"","theme-transparent-header-meta":"default","adv-header-id-meta":"","stick-header-meta":"","header-above-stick-meta":"","header-main-stick-meta":"","header-below-stick-meta":"","astra-migrate-meta-layouts":"set","ast-page-background-enabled":"default","ast-page-background-meta":{"desktop":{"background-color":"","background-image":"","background-repeat":"repeat","background-position":"center center","background-size":"auto","background-attachment":"scroll","background-type":"","background-media":"","overlay-type":"","overlay-color":"","overlay-opacity":"","overlay-gradient":""},"tablet":{"background-color":"","background-image":"","background-repeat":"repeat","background-position":"center center","background-size":"auto","background-attachment":"scroll","background-type":"","background-media":"","overlay-type":"","overlay-color":"","overlay-opacity":"","overlay-gradient":""},"mobile":{"background-color":"","background-image":"","background-repeat":"repeat","background-position":"center center","background-size":"auto","background-attachment":"scroll","background-type":"","background-media":"","overlay-type":"","overlay-color":"","overlay-opacity":"","overlay-gradient":""}},"ast-content-background-meta":{"desktop":{"background-color":"var(--ast-global-color-5)","background-image":"","background-repeat":"repeat","background-position":"center center","background-size":"auto","background-attachment":"scroll","background-type":"","background-media":"","overlay-type":"","overlay-color":"","overlay-opacity":"","overlay-gradient":""},"tablet":{"background-color":"var(--ast-global-color-5)","background-image":"","background-repeat":"repeat","background-position":"center center","background-size":"auto","background-attachment":"scroll","background-type":"","background-media":"","overlay-type":"","overlay-color":"","overlay-opacity":"","overlay-gradient":""},"mobile":{"background-color":"var(--ast-global-color-5)","background-image":"","background-repeat":"repeat","background-position":"center center","background-size":"auto","background-attachment":"scroll","background-type":"","background-media":"","overlay-type":"","overlay-color":"","overlay-opacity":"","overlay-gradient":""}}},"product_brand":[],"product_cat":[22],"product_tag":[],"class_list":{"0":"post-1808","1":"product","2":"type-product","3":"status-publish","4":"has-post-thumbnail","6":"product_cat-nezarazene","7":"desktop-align-center","8":"tablet-align-left","9":"mobile-align-left","11":"first","12":"outofstock","13":"shipping-taxable","14":"purchasable","15":"product-type-simple"},"_links":{"self":[{"href":"https:\/\/www.kurik.eu\/en\/wp-json\/wp\/v2\/product\/1808","targetHints":{"allow":["GET"]}}],"collection":[{"href":"https:\/\/www.kurik.eu\/en\/wp-json\/wp\/v2\/product"}],"about":[{"href":"https:\/\/www.kurik.eu\/en\/wp-json\/wp\/v2\/types\/product"}],"wp:featuredmedia":[{"embeddable":true,"href":"https:\/\/www.kurik.eu\/en\/wp-json\/wp\/v2\/media\/1802"}],"wp:attachment":[{"href":"https:\/\/www.kurik.eu\/en\/wp-json\/wp\/v2\/media?parent=1808"}],"wp:term":[{"taxonomy":"product_brand","embeddable":true,"href":"https:\/\/www.kurik.eu\/en\/wp-json\/wp\/v2\/product_brand?post=1808"},{"taxonomy":"product_cat","embeddable":true,"href":"https:\/\/www.kurik.eu\/en\/wp-json\/wp\/v2\/product_cat?post=1808"},{"taxonomy":"product_tag","embeddable":true,"href":"https:\/\/www.kurik.eu\/en\/wp-json\/wp\/v2\/product_tag?post=1808"}],"curies":[{"name":"wp","href":"https:\/\/api.w.org\/{rel}","templated":true}]}}